{"id":144,"date":"2016-02-11T17:12:54","date_gmt":"2016-02-11T22:12:54","guid":{"rendered":"http:\/\/sites.gstboces.org\/meierjurgen\/?page_id=144"},"modified":"2016-02-25T16:41:53","modified_gmt":"2016-02-25T21:41:53","slug":"la-comida-de-espana","status":"publish","type":"page","link":"https:\/\/sites.gstboces.org\/meierjurgen\/la-comida-de-espana\/","title":{"rendered":"La Comida de Espa\u00f1a"},"content":{"rendered":"<p><a href=\"http:\/\/sites.gstboces.org\/meierjurgen\/wp-content\/uploads\/sites\/40\/2016\/02\/food-map-of-spain.jpg\" rel=\"attachment wp-att-150\"><img fetchpriority=\"high\" decoding=\"async\" class=\"alignnone size-medium wp-image-150\" src=\"http:\/\/sites.gstboces.org\/meierjurgen\/wp-content\/uploads\/sites\/40\/2016\/02\/food-map-of-spain-300x252.jpg\" alt=\"food map of spain\" width=\"300\" height=\"252\" srcset=\"https:\/\/sites.gstboces.org\/meierjurgen\/wp-content\/uploads\/sites\/40\/2016\/02\/food-map-of-spain-300x252.jpg 300w, https:\/\/sites.gstboces.org\/meierjurgen\/wp-content\/uploads\/sites\/40\/2016\/02\/food-map-of-spain-768x644.jpg 768w, https:\/\/sites.gstboces.org\/meierjurgen\/wp-content\/uploads\/sites\/40\/2016\/02\/food-map-of-spain-624x523.jpg 624w, https:\/\/sites.gstboces.org\/meierjurgen\/wp-content\/uploads\/sites\/40\/2016\/02\/food-map-of-spain.jpg 775w\" sizes=\"(max-width: 300px) 100vw, 300px\" \/><\/a><\/p>\n<p>\u00bfCu\u00e1les son las comidas t\u00edpicas de Espa\u00f1a?<\/p>\n<p><a href=\"http:\/\/sites.gstboces.org\/meierjurgen\/wp-content\/uploads\/sites\/40\/2016\/02\/tortilla-espanola.jpg\" rel=\"attachment wp-att-153\"><img decoding=\"async\" class=\"alignnone size-medium wp-image-153\" src=\"http:\/\/sites.gstboces.org\/meierjurgen\/wp-content\/uploads\/sites\/40\/2016\/02\/tortilla-espanola-300x192.jpg\" alt=\"tortilla-espanola\" width=\"300\" height=\"192\" srcset=\"https:\/\/sites.gstboces.org\/meierjurgen\/wp-content\/uploads\/sites\/40\/2016\/02\/tortilla-espanola-300x192.jpg 300w, https:\/\/sites.gstboces.org\/meierjurgen\/wp-content\/uploads\/sites\/40\/2016\/02\/tortilla-espanola-624x399.jpg 624w, https:\/\/sites.gstboces.org\/meierjurgen\/wp-content\/uploads\/sites\/40\/2016\/02\/tortilla-espanola.jpg 750w\" sizes=\"(max-width: 300px) 100vw, 300px\" \/><\/a>\u00a0 Tortilla\u00a0espa\u00f1ola<\/p>\n<p>\u00bfQuieres prepararla?\u00a0 Aqu\u00ed est\u00e1n las <a href=\"https:\/\/www.youtube.com\/watch?v=pvlkYYdIBV0\">instrucciones<\/a>.<\/p>\n<p><a href=\"http:\/\/sites.gstboces.org\/meierjurgen\/wp-content\/uploads\/sites\/40\/2016\/02\/111205_FOOD_paella_jpg_CROP_rectangle3-large.jpg\" rel=\"attachment wp-att-154\"><img decoding=\"async\" class=\"alignnone size-medium wp-image-154\" src=\"http:\/\/sites.gstboces.org\/meierjurgen\/wp-content\/uploads\/sites\/40\/2016\/02\/111205_FOOD_paella_jpg_CROP_rectangle3-large-300x183.jpg\" alt=\"111205_FOOD_paella_jpg_CROP_rectangle3-large\" width=\"300\" height=\"183\" srcset=\"https:\/\/sites.gstboces.org\/meierjurgen\/wp-content\/uploads\/sites\/40\/2016\/02\/111205_FOOD_paella_jpg_CROP_rectangle3-large-300x183.jpg 300w, https:\/\/sites.gstboces.org\/meierjurgen\/wp-content\/uploads\/sites\/40\/2016\/02\/111205_FOOD_paella_jpg_CROP_rectangle3-large.jpg 568w\" sizes=\"(max-width: 300px) 100vw, 300px\" \/><\/a>\u00a0\u00a0 Paella<\/p>\n<p>Una receta de paella <a href=\"https:\/\/www.youtube.com\/watch?v=1QpvPXWSu90\">aqu\u00ed <\/a>en video<\/p>\n<p><a href=\"http:\/\/sites.gstboces.org\/meierjurgen\/wp-content\/uploads\/sites\/40\/2016\/02\/cropped-chocolate_con_churros.jpg\" rel=\"attachment wp-att-121\"><img loading=\"lazy\" decoding=\"async\" class=\"alignnone size-medium wp-image-121\" src=\"http:\/\/sites.gstboces.org\/meierjurgen\/wp-content\/uploads\/sites\/40\/2016\/02\/cropped-chocolate_con_churros-300x229.jpg\" alt=\"cropped-chocolate_con_churros.jpg\" width=\"300\" height=\"229\" srcset=\"https:\/\/sites.gstboces.org\/meierjurgen\/wp-content\/uploads\/sites\/40\/2016\/02\/cropped-chocolate_con_churros-300x229.jpg 300w, https:\/\/sites.gstboces.org\/meierjurgen\/wp-content\/uploads\/sites\/40\/2016\/02\/cropped-chocolate_con_churros.jpg 381w\" sizes=\"(max-width: 300px) 100vw, 300px\" \/><\/a>Chocolate con churros<\/p>\n<p>Una <a href=\"https:\/\/www.youtube.com\/watch?v=i17bVTMEROE\">cr\u00edtica<\/a> de varios lugares que sirven esta comida t\u00edpica<\/p>\n<p><a href=\"http:\/\/sites.gstboces.org\/meierjurgen\/wp-content\/uploads\/sites\/40\/2016\/02\/gazpacho_andaluz_spanish_cold_vegetable_soup_680.jpg\" rel=\"attachment wp-att-165\"><img loading=\"lazy\" decoding=\"async\" class=\"alignnone size-medium wp-image-165\" src=\"http:\/\/sites.gstboces.org\/meierjurgen\/wp-content\/uploads\/sites\/40\/2016\/02\/gazpacho_andaluz_spanish_cold_vegetable_soup_680-300x199.jpg\" alt=\"gazpacho_andaluz_spanish_cold_vegetable_soup_680\" width=\"300\" height=\"199\" srcset=\"https:\/\/sites.gstboces.org\/meierjurgen\/wp-content\/uploads\/sites\/40\/2016\/02\/gazpacho_andaluz_spanish_cold_vegetable_soup_680-300x199.jpg 300w, https:\/\/sites.gstboces.org\/meierjurgen\/wp-content\/uploads\/sites\/40\/2016\/02\/gazpacho_andaluz_spanish_cold_vegetable_soup_680-600x400.jpg 600w, https:\/\/sites.gstboces.org\/meierjurgen\/wp-content\/uploads\/sites\/40\/2016\/02\/gazpacho_andaluz_spanish_cold_vegetable_soup_680.jpg 680w\" sizes=\"(max-width: 300px) 100vw, 300px\" \/><\/a>\u00a0 Gazpacho<br \/>\n<a id=\"LPlnk890800\" href=\"http:\/\/sites.gstboces.org\/wp-login.php\" target=\"_blank\"><\/a><\/p>\n<p>Una receta f\u00e1cil para preparar en\u00a0casa, se llama <a href=\"https:\/\/www.youtube.com\/watch?v=vxvTcAR270s\">gazpacho casero<\/a><\/p>\n<p><a href=\"http:\/\/sites.gstboces.org\/meierjurgen\/wp-content\/uploads\/sites\/40\/2016\/02\/cocido_madrileno_spanish_food_traditional_dish_680.jpg\" rel=\"attachment wp-att-164\"><img loading=\"lazy\" decoding=\"async\" class=\"alignnone size-medium wp-image-164\" src=\"http:\/\/sites.gstboces.org\/meierjurgen\/wp-content\/uploads\/sites\/40\/2016\/02\/cocido_madrileno_spanish_food_traditional_dish_680-300x221.jpg\" alt=\"cocido_madrileno_spanish_food_traditional_dish_680\" width=\"300\" height=\"221\" srcset=\"https:\/\/sites.gstboces.org\/meierjurgen\/wp-content\/uploads\/sites\/40\/2016\/02\/cocido_madrileno_spanish_food_traditional_dish_680-300x221.jpg 300w, https:\/\/sites.gstboces.org\/meierjurgen\/wp-content\/uploads\/sites\/40\/2016\/02\/cocido_madrileno_spanish_food_traditional_dish_680.jpg 680w\" sizes=\"(max-width: 300px) 100vw, 300px\" \/><\/a>\u00a0 Cocido Madrile\u00f1o<\/p>\n<p>Esta <a href=\"https:\/\/www.youtube.com\/watch?v=R-9ZoARMdww\">receta<\/a> requiere m\u00e1s paciencia y m\u00e1s horas.<\/p>\n","protected":false},"excerpt":{"rendered":"<p>\u00bfCu\u00e1les son las comidas t\u00edpicas de Espa\u00f1a? \u00a0 Tortilla\u00a0espa\u00f1ola \u00bfQuieres prepararla?\u00a0 Aqu\u00ed est\u00e1n las instrucciones. \u00a0\u00a0 Paella Una receta de paella aqu\u00ed en video Chocolate con churros Una cr\u00edtica de &hellip; <a href=\"https:\/\/sites.gstboces.org\/meierjurgen\/la-comida-de-espana\/\" class=\"more-link\">Continue reading <span class=\"screen-reader-text\">La Comida de Espa\u00f1a<\/span> <span class=\"meta-nav\">&rarr;<\/span><\/a><\/p>\n","protected":false},"author":63,"featured_media":0,"parent":0,"menu_order":0,"comment_status":"closed","ping_status":"closed","template":"","meta":{"_bbp_topic_count":0,"_bbp_reply_count":0,"_bbp_total_topic_count":0,"_bbp_total_reply_count":0,"_bbp_voice_count":0,"_bbp_anonymous_reply_count":0,"_bbp_topic_count_hidden":0,"_bbp_reply_count_hidden":0,"_bbp_forum_subforum_count":0,"ngg_post_thumbnail":0,"footnotes":""},"_links":{"self":[{"href":"https:\/\/sites.gstboces.org\/meierjurgen\/wp-json\/wp\/v2\/pages\/144"}],"collection":[{"href":"https:\/\/sites.gstboces.org\/meierjurgen\/wp-json\/wp\/v2\/pages"}],"about":[{"href":"https:\/\/sites.gstboces.org\/meierjurgen\/wp-json\/wp\/v2\/types\/page"}],"author":[{"embeddable":true,"href":"https:\/\/sites.gstboces.org\/meierjurgen\/wp-json\/wp\/v2\/users\/63"}],"replies":[{"embeddable":true,"href":"https:\/\/sites.gstboces.org\/meierjurgen\/wp-json\/wp\/v2\/comments?post=144"}],"version-history":[{"count":6,"href":"https:\/\/sites.gstboces.org\/meierjurgen\/wp-json\/wp\/v2\/pages\/144\/revisions"}],"predecessor-version":[{"id":203,"href":"https:\/\/sites.gstboces.org\/meierjurgen\/wp-json\/wp\/v2\/pages\/144\/revisions\/203"}],"wp:attachment":[{"href":"https:\/\/sites.gstboces.org\/meierjurgen\/wp-json\/wp\/v2\/media?parent=144"}],"curies":[{"name":"wp","href":"https:\/\/api.w.org\/{rel}","templated":true}]}}